{"id":32,"date":"2018-11-04T03:41:32","date_gmt":"2018-11-04T03:41:32","guid":{"rendered":"http:\/\/yahiterres.com\/?page_id=32"},"modified":"2018-11-05T23:40:05","modified_gmt":"2018-11-05T23:40:05","slug":"reconocimientos","status":"publish","type":"page","link":"http:\/\/yahiterres.com\/index.php\/reconocimientos\/","title":{"rendered":"Reconocimientos"},"content":{"rendered":"<p>Julio 1993 Primer lugar \u201cTeen crafts\u201d Orange County Fair, Costa Mesa. California. USA. <\/p>\n<p>Febrero 1996 Cuarto lugar \u201cNational PTA reflections High School division in visual arts\u201d California. USA.<\/p>\n<p>Febrero 2000 Menci\u00f3n honorifica \u201cArte Joven\u201d Ex Convento del Carmen. Guadalajara, Jalisco. M\u00e9xico.<\/p>\n<p>Agosto 2006 Poster oficial de las fiestas de agosto del ayuntamiento de Lagos de Moreno, Jalisco. M\u00e9xico. <\/p>\n<p>Enero 2010 Portada dl libro Culturas, identidades y pr\u00e1cticas de los j\u00f3venes universitarios. De Liliana Casta\u00f1eda. Ed. Universidad de guadalajara.<\/p>\n<p>Agosto 2012 Poster oficial de las fiestas de agosto del ayuntamiento de Lagos de Moreno Jalisco. M\u00e9xico. <\/p>\n<p>Junio 2013 a la fecha (2018) Miembro del comit\u00e9Pueblo M\u00e1gico de Lagos de Moreno Jalisco. M\u00e9xico. <\/p>\n<p>Septiembre 2015 a la fecha (2018) Miembro de la Benemerita Sociedad de Geograf\u00eda y Estad\u00edstica del Estado de jalisco. A.C. <\/p>\n<p>Mayo 2016 a enero 2018 Coordinador del Cap\u00edtulo Altos Norte de la Benemerita Sociedad de Geograf\u00eda y Estadist\u00edca del Estado de jalisco. A.C. <\/p>\n<!-- AddThis Advanced Settings generic via filter on the_content --><!-- AddThis Share Buttons generic via filter on the_content -->","protected":false},"excerpt":{"rendered":"<p>Julio 1993 Primer lugar \u201cTeen crafts\u201d Orange County Fair, Costa Mesa. California. USA. Febrero 1996 Cuarto lugar \u201cNational PTA reflections High School division in visual arts\u201d California. USA. Febrero 2000<\/p>\n<p class=\"more-link\"><a href=\"http:\/\/yahiterres.com\/index.php\/reconocimientos\/\" class=\"readmore\">Continue reading<span class=\"screen-reader-text\">Reconocimientos<\/span><\/a><\/p>\n<p><!-- AddThis Advanced Settings generic via filter on get_the_excerpt --><!-- AddThis Share Buttons generic via filter on get_the_excerpt --><\/p>\n","protected":false},"author":1,"featured_media":60,"parent":0,"menu_order":0,"comment_status":"closed","ping_status":"closed","template":"","meta":[],"yoast_head":"<!-- This site is optimized with the Yoast SEO plugin v14.8 - https:\/\/yoast.com\/wordpress\/plugins\/seo\/ -->\n<title>Reconocimientos - Yahi Terr\u00e9s<\/title>\n<meta name=\"robots\" content=\"index, follow\" \/>\n<meta name=\"googlebot\" content=\"index, follow, max-snippet:-1, max-image-preview:large, max-video-preview:-1\" \/>\n<meta name=\"bingbot\" content=\"index, follow, max-snippet:-1, max-image-preview:large, max-video-preview:-1\" \/>\n<link rel=\"canonical\" href=\"http:\/\/yahiterres.com\/index.php\/reconocimientos\/\" \/>\n<meta property=\"og:locale\" content=\"en_US\" \/>\n<meta property=\"og:type\" content=\"article\" \/>\n<meta property=\"og:title\" content=\"Reconocimientos - Yahi Terr\u00e9s\" \/>\n<meta property=\"og:description\" content=\"Julio 1993 Primer lugar \u201cTeen crafts\u201d Orange County Fair, Costa Mesa. California. USA. Febrero 1996 Cuarto lugar \u201cNational PTA reflections High School division in visual arts\u201d California. USA. Febrero 2000Continue readingReconocimientos\" \/>\n<meta property=\"og:url\" content=\"http:\/\/yahiterres.com\/index.php\/reconocimientos\/\" \/>\n<meta property=\"og:site_name\" content=\"Yahi Terr\u00e9s\" \/>\n<meta property=\"article:modified_time\" content=\"2018-11-05T23:40:05+00:00\" \/>\n<meta property=\"og:image\" content=\"http:\/\/yahiterres.com\/wp-content\/uploads\/2018\/11\/IMG_2676.jpg\" \/>\n\t<meta property=\"og:image:width\" content=\"3848\" \/>\n\t<meta property=\"og:image:height\" content=\"2517\" \/>\n<meta name=\"twitter:card\" content=\"summary_large_image\" \/>\n<script type=\"application\/ld+json\" class=\"yoast-schema-graph\">{\"@context\":\"https:\/\/schema.org\",\"@graph\":[{\"@type\":\"WebSite\",\"@id\":\"http:\/\/yahiterres.com\/#website\",\"url\":\"http:\/\/yahiterres.com\/\",\"name\":\"Yahi Terr\\u00e9s\",\"description\":\"Escultura - Pintura - Mural\",\"potentialAction\":[{\"@type\":\"SearchAction\",\"target\":\"http:\/\/yahiterres.com\/?s={search_term_string}\",\"query-input\":\"required name=search_term_string\"}],\"inLanguage\":\"en-US\"},{\"@type\":\"ImageObject\",\"@id\":\"http:\/\/yahiterres.com\/index.php\/reconocimientos\/#primaryimage\",\"inLanguage\":\"en-US\",\"url\":\"http:\/\/yahiterres.com\/wp-content\/uploads\/2018\/11\/IMG_2676.jpg\",\"width\":3848,\"height\":2517,\"caption\":\"Reconocimientos Yahi Terres\"},{\"@type\":\"WebPage\",\"@id\":\"http:\/\/yahiterres.com\/index.php\/reconocimientos\/#webpage\",\"url\":\"http:\/\/yahiterres.com\/index.php\/reconocimientos\/\",\"name\":\"Reconocimientos - Yahi Terr\\u00e9s\",\"isPartOf\":{\"@id\":\"http:\/\/yahiterres.com\/#website\"},\"primaryImageOfPage\":{\"@id\":\"http:\/\/yahiterres.com\/index.php\/reconocimientos\/#primaryimage\"},\"datePublished\":\"2018-11-04T03:41:32+00:00\",\"dateModified\":\"2018-11-05T23:40:05+00:00\",\"inLanguage\":\"en-US\",\"potentialAction\":[{\"@type\":\"ReadAction\",\"target\":[\"http:\/\/yahiterres.com\/index.php\/reconocimientos\/\"]}]}]}<\/script>\n<!-- \/ Yoast SEO plugin. -->","_links":{"self":[{"href":"http:\/\/yahiterres.com\/index.php\/wp-json\/wp\/v2\/pages\/32"}],"collection":[{"href":"http:\/\/yahiterres.com\/index.php\/wp-json\/wp\/v2\/pages"}],"about":[{"href":"http:\/\/yahiterres.com\/index.php\/wp-json\/wp\/v2\/types\/page"}],"author":[{"embeddable":true,"href":"http:\/\/yahiterres.com\/index.php\/wp-json\/wp\/v2\/users\/1"}],"replies":[{"embeddable":true,"href":"http:\/\/yahiterres.com\/index.php\/wp-json\/wp\/v2\/comments?post=32"}],"version-history":[{"count":3,"href":"http:\/\/yahiterres.com\/index.php\/wp-json\/wp\/v2\/pages\/32\/revisions"}],"predecessor-version":[{"id":48,"href":"http:\/\/yahiterres.com\/index.php\/wp-json\/wp\/v2\/pages\/32\/revisions\/48"}],"wp:featuredmedia":[{"embeddable":true,"href":"http:\/\/yahiterres.com\/index.php\/wp-json\/wp\/v2\/media\/60"}],"wp:attachment":[{"href":"http:\/\/yahiterres.com\/index.php\/wp-json\/wp\/v2\/media?parent=32"}],"curies":[{"name":"wp","href":"https:\/\/api.w.org\/{rel}","templated":true}]}}